{"id":374,"date":"2018-06-05T14:27:53","date_gmt":"2018-06-05T14:27:53","guid":{"rendered":"http:\/\/thegoodguys.tech\/everydaycamper\/?page_id=374"},"modified":"2022-02-22T15:51:29","modified_gmt":"2022-02-22T14:51:29","slug":"mich","status":"publish","type":"page","link":"https:\/\/everyday-camper.de\/index.php\/mich\/","title":{"rendered":"\u00dcBER UNS"},"content":{"rendered":"<div class=\"wpb-content-wrapper\"><p>[vc_row][vc_column icons_position=&#8220;left&#8220;][vc_column_text]<\/p>\n<h3><strong>WIE ALLES ENTSTAND<br \/>\n<\/strong><\/h3>\n<p>Seit u\u0308ber 30 Jahren ist Amit leidenschaftlicher Camper. \u00dcber die Jahre wusste er immer genauer was er fu\u0308r Anforderungen an einen Camper hat. Hierbei hat ihn schon fru\u0308h die Verbindung zwischen Freizeit Camper und Firmen-\/Au\u00dfendienstfahrzeug, umgesetzt in einem Kastenwagen interessiert. Am Markt hat man sich aber eher auf den einen oder den anderen Typ konzentriert. Das wollte Amit \u00e4ndern und hat die everday camper GmbH gegru\u0308ndet. Mit nicht ganz unerwartetem Erfolg. In ku\u0308rzester Zeit haben wir gesehen, dass sowohl Privatleute als auch Firmen an diesem Konzept gro\u2000es Interesse haben. Sprecht uns an, wir sind gerne fu\u0308r Euch da !<br \/>\n<span id=\"page3R_mcid19\" class=\"markedContent\"><br role=\"presentation\" \/><strong><span dir=\"ltr\" role=\"presentation\">everyday camper GmbH <\/span><span dir=\"ltr\" role=\"presentation\">\u2013<\/span> <span dir=\"ltr\" role=\"presentation\">Urlaub zu jeder Zeit !<\/span><\/strong><\/span><span id=\"page3R_mcid24\" class=\"markedContent\"><\/span><span id=\"page3R_mcid24\" class=\"markedContent\"><\/span><\/p>\n<p>[\/vc_column_text][\/vc_column][\/vc_row][vc_row hide_bg_image_on_tablet=&#8220;&#8220; hide_bg_image_on_mobile=&#8220;&#8220; css=&#8220;.vc_custom_1643181017619{margin-top: 20px !important;}&#8220;][vc_column width=&#8220;1\/2&#8243; icons_position=&#8220;left&#8220;][vc_column_text css=&#8220;.vc_custom_1643181031192{margin-bottom: 10px !important;}&#8220;]<\/p>\n<p style=\"text-align: center;\"><strong><img fetchpriority=\"high\" decoding=\"async\" class=\"alignnone size-medium wp-image-2388\" src=\"https:\/\/thegoodguys.tech\/everydaycamper\/wp-content\/uploads\/2022\/01\/IMG_2725-198x300.jpg\" alt=\"\" width=\"198\" height=\"300\" srcset=\"https:\/\/everyday-camper.de\/wp-content\/uploads\/2022\/01\/IMG_2725-198x300.jpg 198w, https:\/\/everyday-camper.de\/wp-content\/uploads\/2022\/01\/IMG_2725-675x1024.jpg 675w, https:\/\/everyday-camper.de\/wp-content\/uploads\/2022\/01\/IMG_2725-768x1165.jpg 768w, https:\/\/everyday-camper.de\/wp-content\/uploads\/2022\/01\/IMG_2725-1012x1536.jpg 1012w, https:\/\/everyday-camper.de\/wp-content\/uploads\/2022\/01\/IMG_2725-370x561.jpg 370w, https:\/\/everyday-camper.de\/wp-content\/uploads\/2022\/01\/IMG_2725-850x1290.jpg 850w, https:\/\/everyday-camper.de\/wp-content\/uploads\/2022\/01\/IMG_2725-390x592.jpg 390w, https:\/\/everyday-camper.de\/wp-content\/uploads\/2022\/01\/IMG_2725-780x1184.jpg 780w, https:\/\/everyday-camper.de\/wp-content\/uploads\/2022\/01\/IMG_2725.jpg 1235w\" sizes=\"(max-width: 198px) 100vw, 198px\" \/><\/strong><\/p>\n<p style=\"text-align: center;\"><strong>Amit Roy<\/strong><br \/>\nGesch\u00e4ftsf\u00fchrender Gesellschafter zust\u00e4ndig f\u00fcr Ausbau, Marketing und Vertrieb<br \/>\n<a href=\"mailto:roy@everyday-camper.de\">roy@everyday-camper.de<\/a><br \/>\nTel: 04955-9752230<\/p>\n<p>[\/vc_column_text][\/vc_column][vc_column width=&#8220;1\/2&#8243; icons_position=&#8220;left&#8220;][vc_column_text css=&#8220;.vc_custom_1645189259622{margin-bottom: 10px !important;}&#8220;]<\/p>\n<p style=\"text-align: center;\"><strong><img decoding=\"async\" class=\"alignnone wp-image-2708 size-medium\" src=\"https:\/\/everyday-camper.de\/wp-content\/uploads\/2022\/02\/sabx-232x300.jpg\" alt=\"\" width=\"232\" height=\"300\" srcset=\"https:\/\/everyday-camper.de\/wp-content\/uploads\/2022\/02\/sabx-232x300.jpg 232w, https:\/\/everyday-camper.de\/wp-content\/uploads\/2022\/02\/sabx.jpg 302w\" sizes=\"(max-width: 232px) 100vw, 232px\" \/><\/strong><\/p>\n<p style=\"text-align: center;\"><span id=\"page3R_mcid24\" class=\"markedContent\"><strong>Sabine Kr\u00fcger<\/strong><br \/>\nzust\u00e4ndig f\u00fcr Kundenbetreuung und Marketing<br \/>\n<a href=\"mailto:porsch@everyday-camper.de\">krueger@everyday-camper.de<\/a><br \/>\nTel: 04952-90297-35<\/span><\/p>\n<p>[\/vc_column_text][\/vc_column][\/vc_row][vc_row hide_bg_image_on_tablet=&#8220;&#8220; hide_bg_image_on_mobile=&#8220;&#8220; css=&#8220;.vc_custom_1643180994491{margin-top: 20px !important;}&#8220;][vc_column width=&#8220;1\/2&#8243; icons_position=&#8220;left&#8220;][vc_column_text css=&#8220;.vc_custom_1645541482752{margin-bottom: 10px !important;}&#8220;]<\/p>\n<p style=\"text-align: center;\"><span id=\"page3R_mcid24\" class=\"markedContent\"><strong><img decoding=\"async\" class=\"alignnone wp-image-2719 size-medium\" src=\"https:\/\/everyday-camper.de\/wp-content\/uploads\/2022\/02\/1-IMG_3319-232x300.jpg\" alt=\"\" width=\"232\" height=\"300\" srcset=\"https:\/\/everyday-camper.de\/wp-content\/uploads\/2022\/02\/1-IMG_3319-232x300.jpg 232w, https:\/\/everyday-camper.de\/wp-content\/uploads\/2022\/02\/1-IMG_3319-791x1024.jpg 791w, https:\/\/everyday-camper.de\/wp-content\/uploads\/2022\/02\/1-IMG_3319-768x995.jpg 768w, https:\/\/everyday-camper.de\/wp-content\/uploads\/2022\/02\/1-IMG_3319-1186x1536.jpg 1186w, https:\/\/everyday-camper.de\/wp-content\/uploads\/2022\/02\/1-IMG_3319-1581x2048.jpg 1581w, https:\/\/everyday-camper.de\/wp-content\/uploads\/2022\/02\/1-IMG_3319-370x479.jpg 370w, https:\/\/everyday-camper.de\/wp-content\/uploads\/2022\/02\/1-IMG_3319-850x1101.jpg 850w, https:\/\/everyday-camper.de\/wp-content\/uploads\/2022\/02\/1-IMG_3319-1700x2201.jpg 1700w, https:\/\/everyday-camper.de\/wp-content\/uploads\/2022\/02\/1-IMG_3319-390x505.jpg 390w, https:\/\/everyday-camper.de\/wp-content\/uploads\/2022\/02\/1-IMG_3319-780x1010.jpg 780w, https:\/\/everyday-camper.de\/wp-content\/uploads\/2022\/02\/1-IMG_3319-scaled.jpg 1977w\" sizes=\"(max-width: 232px) 100vw, 232px\" \/><\/strong><\/span><\/p>\n<p style=\"text-align: center;\"><span id=\"page3R_mcid24\" class=\"markedContent\"><strong>Marc Maurer<br \/>\n<\/strong>zust\u00e4ndig f\u00fcr Fahrzeugbeschaffung, Ausbau und Teilebestellung<br \/>\n<a href=\"mailto:porsch@everyday-camper.de\">info@everyday-camper.de<\/a><br \/>\nTel: 04952-90297-34<\/span><\/p>\n<p>[\/vc_column_text][\/vc_column][vc_column width=&#8220;1\/2&#8243; icons_position=&#8220;left&#8220;][vc_column_text css=&#8220;.vc_custom_1643181061064{margin-bottom: 10px !important;}&#8220;]<\/p>\n<p style=\"text-align: center;\"><strong><img loading=\"lazy\" decoding=\"async\" class=\"alignnone wp-image-2389 size-medium\" src=\"https:\/\/thegoodguys.tech\/everydaycamper\/wp-content\/uploads\/2022\/01\/IMG_2710-212x300.jpg\" alt=\"\" width=\"212\" height=\"300\" srcset=\"https:\/\/everyday-camper.de\/wp-content\/uploads\/2022\/01\/IMG_2710-212x300.jpg 212w, https:\/\/everyday-camper.de\/wp-content\/uploads\/2022\/01\/IMG_2710-723x1024.jpg 723w, https:\/\/everyday-camper.de\/wp-content\/uploads\/2022\/01\/IMG_2710-768x1088.jpg 768w, https:\/\/everyday-camper.de\/wp-content\/uploads\/2022\/01\/IMG_2710-1084x1536.jpg 1084w, https:\/\/everyday-camper.de\/wp-content\/uploads\/2022\/01\/IMG_2710-370x524.jpg 370w, https:\/\/everyday-camper.de\/wp-content\/uploads\/2022\/01\/IMG_2710-850x1205.jpg 850w, https:\/\/everyday-camper.de\/wp-content\/uploads\/2022\/01\/IMG_2710-390x553.jpg 390w, https:\/\/everyday-camper.de\/wp-content\/uploads\/2022\/01\/IMG_2710-780x1105.jpg 780w, https:\/\/everyday-camper.de\/wp-content\/uploads\/2022\/01\/IMG_2710.jpg 1292w\" sizes=\"(max-width: 212px) 100vw, 212px\" \/><\/strong><\/p>\n<p style=\"text-align: center;\"><strong>Lea (Hund)<\/strong><br \/>\nzust\u00e4ndig f\u00fcr Sicherheit und Forderungsmanagement ?<br \/>\n<a href=\"mailto:info@everyday-camper.de\">info@everyday-camper.de<\/a><\/p>\n<p>[\/vc_column_text][\/vc_column][\/vc_row]<\/p>\n<\/div>","protected":false},"excerpt":{"rendered":"<p>[vc_row][vc_column icons_position=&#8220;left&#8220;][vc_column_text] WIE ALLES ENTSTAND Seit u\u0308ber 30 Jahren ist Amit leidenschaftlicher Camper. \u00dcber die Jahre wusste er immer genauer was er fu\u0308r Anforderungen an einen Camper hat. Hierbei hat ihn schon fru\u0308h die Verbindung zwischen Freizeit Camper und Firmen-\/Au\u00dfendienstfahrzeug, umgesetzt in einem Kastenwagen interessiert. Am Markt hat man sich aber eher auf den einen oder den anderen Typ konzentriert.&hellip;<\/p>\n","protected":false},"author":1,"featured_media":2385,"parent":0,"menu_order":0,"comment_status":"closed","ping_status":"closed","template":"","meta":{"footnotes":""},"class_list":["post-374","page","type-page","status-publish","has-post-thumbnail","hentry"],"_links":{"self":[{"href":"https:\/\/everyday-camper.de\/index.php\/wp-json\/wp\/v2\/pages\/374","targetHints":{"allow":["GET"]}}],"collection":[{"href":"https:\/\/everyday-camper.de\/index.php\/wp-json\/wp\/v2\/pages"}],"about":[{"href":"https:\/\/everyday-camper.de\/index.php\/wp-json\/wp\/v2\/types\/page"}],"author":[{"embeddable":true,"href":"https:\/\/everyday-camper.de\/index.php\/wp-json\/wp\/v2\/users\/1"}],"replies":[{"embeddable":true,"href":"https:\/\/everyday-camper.de\/index.php\/wp-json\/wp\/v2\/comments?post=374"}],"version-history":[{"count":30,"href":"https:\/\/everyday-camper.de\/index.php\/wp-json\/wp\/v2\/pages\/374\/revisions"}],"predecessor-version":[{"id":2720,"href":"https:\/\/everyday-camper.de\/index.php\/wp-json\/wp\/v2\/pages\/374\/revisions\/2720"}],"wp:featuredmedia":[{"embeddable":true,"href":"https:\/\/everyday-camper.de\/index.php\/wp-json\/wp\/v2\/media\/2385"}],"wp:attachment":[{"href":"https:\/\/everyday-camper.de\/index.php\/wp-json\/wp\/v2\/media?parent=374"}],"curies":[{"name":"wp","href":"https:\/\/api.w.org\/{rel}","templated":true}]}}